{"id":7327,"date":"2023-05-24T07:38:29","date_gmt":"2023-05-24T05:38:29","guid":{"rendered":"https:\/\/www.pensionhelenahones.cz\/artikel\/"},"modified":"2026-03-03T20:17:26","modified_gmt":"2026-03-03T19:17:26","slug":"artikel","status":"publish","type":"page","link":"https:\/\/www.pensionhelenahones.cz\/de\/artikel\/","title":{"rendered":"Artikel"},"content":{"rendered":"\t\t<div data-elementor-type=\"wp-page\" data-elementor-id=\"7327\" class=\"elementor elementor-7327 elementor-3142\" data-elementor-post-type=\"page\">\n\t\t\t\t<div class=\"elementor-element elementor-element-0112cc4 e-flex e-con-boxed e-con e-parent\" data-id=\"0112cc4\" data-element_type=\"container\" data-e-type=\"container\" data-settings=\"{&quot;background_background&quot;:&quot;classic&quot;}\">\n\t\t\t\t\t<div class=\"e-con-inner\">\n\t\t\t\t<div class=\"elementor-element elementor-element-a46be88 elementor-widget elementor-widget-heading\" data-id=\"a46be88\" data-element_type=\"widget\" data-e-type=\"widget\" data-widget_type=\"heading.default\">\n\t\t\t\t<div class=\"elementor-widget-container\">\n\t\t\t\t\t<h2 class=\"elementor-heading-title elementor-size-default\">Artikel<\/h2>\t\t\t\t<\/div>\n\t\t\t\t<\/div>\n\t\t\t\t<div class=\"elementor-element elementor-element-c16108c elementor-widget elementor-widget-heading\" data-id=\"c16108c\" data-element_type=\"widget\" data-e-type=\"widget\" data-widget_type=\"heading.default\">\n\t\t\t\t<div class=\"elementor-widget-container\">\n\t\t\t\t\t<h1 class=\"elementor-heading-title elementor-size-default\">Informationen und Tipps f\u00fcr Ausfl\u00fcge<\/h1>\t\t\t\t<\/div>\n\t\t\t\t<\/div>\n\t\t\t\t\t<\/div>\n\t\t\t\t<\/div>\n\t\t<div class=\"elementor-element elementor-element-a332680 e-flex e-con-boxed e-con e-parent\" data-id=\"a332680\" data-element_type=\"container\" data-e-type=\"container\">\n\t\t\t\t\t<div class=\"e-con-inner\">\n\t\t\t\t<div class=\"elementor-element elementor-element-6d34a28 elementor-grid-3 elementor-grid-tablet-2 elementor-grid-mobile-1 elementor-posts--thumbnail-top elementor-card-shadow-yes elementor-posts__hover-gradient elementor-widget elementor-widget-posts\" data-id=\"6d34a28\" data-element_type=\"widget\" data-e-type=\"widget\" data-settings=\"{&quot;pagination_type&quot;:&quot;numbers&quot;,&quot;cards_columns&quot;:&quot;3&quot;,&quot;cards_columns_tablet&quot;:&quot;2&quot;,&quot;cards_columns_mobile&quot;:&quot;1&quot;,&quot;cards_row_gap&quot;:{&quot;unit&quot;:&quot;px&quot;,&quot;size&quot;:35,&quot;sizes&quot;:[]},&quot;cards_row_gap_tablet&quot;:{&quot;unit&quot;:&quot;px&quot;,&quot;size&quot;:&quot;&quot;,&quot;sizes&quot;:[]},&quot;cards_row_gap_mobile&quot;:{&quot;unit&quot;:&quot;px&quot;,&quot;size&quot;:&quot;&quot;,&quot;sizes&quot;:[]}}\" data-widget_type=\"posts.cards\">\n\t\t\t\t<div class=\"elementor-widget-container\">\n\t\t\t\t\t\t\t<div class=\"elementor-posts-container elementor-posts elementor-posts--skin-cards elementor-grid\" role=\"list\">\n\t\t\t\t<article class=\"elementor-post elementor-grid-item post-10683 post type-post status-publish format-standard has-post-thumbnail hentry category-trips-de\" role=\"listitem\">\n\t\t\t<div class=\"elementor-post__card\">\n\t\t\t\t<a class=\"elementor-post__thumbnail__link\" href=\"https:\/\/www.pensionhelenahones.cz\/de\/fuerstliche-ebenen\/\" tabindex=\"-1\" ><div class=\"elementor-post__thumbnail\"><img fetchpriority=\"high\" decoding=\"async\" width=\"800\" height=\"598\" src=\"https:\/\/www.pensionhelenahones.cz\/wp-content\/uploads\/2026\/03\/hajenka-knizeci-plane-nahled-1024x765.jpg\" class=\"attachment-large size-large wp-image-10648\" alt=\"\" srcset=\"https:\/\/www.pensionhelenahones.cz\/wp-content\/uploads\/2026\/03\/hajenka-knizeci-plane-nahled-1024x765.jpg 1024w, https:\/\/www.pensionhelenahones.cz\/wp-content\/uploads\/2026\/03\/hajenka-knizeci-plane-nahled-300x224.jpg 300w, https:\/\/www.pensionhelenahones.cz\/wp-content\/uploads\/2026\/03\/hajenka-knizeci-plane-nahled-768x574.jpg 768w, https:\/\/www.pensionhelenahones.cz\/wp-content\/uploads\/2026\/03\/hajenka-knizeci-plane-nahled.jpg 1280w\" sizes=\"(max-width: 800px) 100vw, 800px\" title=\"\"><\/div><\/a>\n\t\t\t\t<div class=\"elementor-post__badge\">Trips<\/div>\n\t\t\t\t<div class=\"elementor-post__text\">\n\t\t\t\t<h3 class=\"elementor-post__title\">\n\t\t\t<a href=\"https:\/\/www.pensionhelenahones.cz\/de\/fuerstliche-ebenen\/\" >\n\t\t\t\tF\u00fcrstliche Ebenen\t\t\t<\/a>\n\t\t<\/h3>\n\t\t\t\t<div class=\"elementor-post__excerpt\">\n\t\t\t<p>Kn\u00ed\u017eec\u00ed Pl\u00e1n\u011b - ein ausgestorbenes B\u00f6hmerwalddorf mit einer einsamen H\u00e1jenka. Route von Borov\u00e1 Lada, Geschichte der Siedlung, Atmosph\u00e4re und praktische Tipps f\u00fcr einen Ausflug von Horsk\u00e1 Kvilda. <\/p>\n\t\t<\/div>\n\t\t\n\t\t<a class=\"elementor-post__read-more\" href=\"https:\/\/www.pensionhelenahones.cz\/de\/fuerstliche-ebenen\/\" aria-label=\"Mehr \u00fcber F\u00fcrstliche Ebenen\" tabindex=\"-1\" >\n\t\t\tArtikel lesen \"\t\t<\/a>\n\n\t\t\t\t<\/div>\n\t\t\t\t<div class=\"elementor-post__meta-data\">\n\t\t\t\t\t<span class=\"elementor-post-author\">\n\t\t\tTom\u00e1\u0161 Hones\t\t<\/span>\n\t\t\t\t<span class=\"elementor-post-date\">\n\t\t\tM\u00e4rz 3, 2026\t\t<\/span>\n\t\t\t\t<\/div>\n\t\t\t\t\t<\/div>\n\t\t<\/article>\n\t\t\t\t<article class=\"elementor-post elementor-grid-item post-10687 post type-post status-publish format-standard has-post-thumbnail hentry category-trips-de\" role=\"listitem\">\n\t\t\t<div class=\"elementor-post__card\">\n\t\t\t\t<a class=\"elementor-post__thumbnail__link\" href=\"https:\/\/www.pensionhelenahones.cz\/de\/drei-seen-see\/\" tabindex=\"-1\" ><div class=\"elementor-post__thumbnail\"><img decoding=\"async\" width=\"800\" height=\"598\" src=\"https:\/\/www.pensionhelenahones.cz\/wp-content\/uploads\/2026\/03\/trijezerni-slat-npsumava.cz_.jpg\" class=\"attachment-large size-large wp-image-10600\" alt=\"\" srcset=\"https:\/\/www.pensionhelenahones.cz\/wp-content\/uploads\/2026\/03\/trijezerni-slat-npsumava.cz_.jpg 1024w, https:\/\/www.pensionhelenahones.cz\/wp-content\/uploads\/2026\/03\/trijezerni-slat-npsumava.cz_-300x224.jpg 300w, https:\/\/www.pensionhelenahones.cz\/wp-content\/uploads\/2026\/03\/trijezerni-slat-npsumava.cz_-768x575.jpg 768w\" sizes=\"(max-width: 800px) 100vw, 800px\" title=\"\"><\/div><\/a>\n\t\t\t\t<div class=\"elementor-post__badge\">Trips<\/div>\n\t\t\t\t<div class=\"elementor-post__text\">\n\t\t\t\t<h3 class=\"elementor-post__title\">\n\t\t\t<a href=\"https:\/\/www.pensionhelenahones.cz\/de\/drei-seen-see\/\" >\n\t\t\t\tDrei-Seen-See\t\t\t<\/a>\n\t\t<\/h3>\n\t\t\t\t<div class=\"elementor-post__excerpt\">\n\t\t\t<p>Drei-Seen-Wasserfall bei Modrava - ein Leitfaden f\u00fcr einen Ausflug von Horsk\u00e1 Kvilda \u00fcber Ryb\u00e1rna. Geteerter Weg f\u00fcr Kinderwagen, Parkplatz in Modrava und Tipps f\u00fcr Familien. <\/p>\n\t\t<\/div>\n\t\t\n\t\t<a class=\"elementor-post__read-more\" href=\"https:\/\/www.pensionhelenahones.cz\/de\/drei-seen-see\/\" aria-label=\"Mehr \u00fcber Drei-Seen-See\" tabindex=\"-1\" >\n\t\t\tArtikel lesen \"\t\t<\/a>\n\n\t\t\t\t<\/div>\n\t\t\t\t<div class=\"elementor-post__meta-data\">\n\t\t\t\t\t<span class=\"elementor-post-author\">\n\t\t\tTom\u00e1\u0161 Hones\t\t<\/span>\n\t\t\t\t<span class=\"elementor-post-date\">\n\t\t\tM\u00e4rz 3, 2026\t\t<\/span>\n\t\t\t\t<\/div>\n\t\t\t\t\t<\/div>\n\t\t<\/article>\n\t\t\t\t<article class=\"elementor-post elementor-grid-item post-10677 post type-post status-publish format-standard has-post-thumbnail hentry category-trips-de\" role=\"listitem\">\n\t\t\t<div class=\"elementor-post__card\">\n\t\t\t\t<a class=\"elementor-post__thumbnail__link\" href=\"https:\/\/www.pensionhelenahones.cz\/de\/chalupa-latte\/\" tabindex=\"-1\" ><div class=\"elementor-post__thumbnail\"><img decoding=\"async\" width=\"800\" height=\"533\" src=\"https:\/\/www.pensionhelenahones.cz\/wp-content\/uploads\/2026\/03\/chalupska-slat-nahled-1-1024x682.jpg\" class=\"attachment-large size-large wp-image-10576\" alt=\"\" srcset=\"https:\/\/www.pensionhelenahones.cz\/wp-content\/uploads\/2026\/03\/chalupska-slat-nahled-1-1024x682.jpg 1024w, https:\/\/www.pensionhelenahones.cz\/wp-content\/uploads\/2026\/03\/chalupska-slat-nahled-1-300x200.jpg 300w, https:\/\/www.pensionhelenahones.cz\/wp-content\/uploads\/2026\/03\/chalupska-slat-nahled-1-768x511.jpg 768w, https:\/\/www.pensionhelenahones.cz\/wp-content\/uploads\/2026\/03\/chalupska-slat-nahled-1.jpg 1200w\" sizes=\"(max-width: 800px) 100vw, 800px\" title=\"\"><\/div><\/a>\n\t\t\t\t<div class=\"elementor-post__badge\">Trips<\/div>\n\t\t\t\t<div class=\"elementor-post__text\">\n\t\t\t\t<h3 class=\"elementor-post__title\">\n\t\t\t<a href=\"https:\/\/www.pensionhelenahones.cz\/de\/chalupa-latte\/\" >\n\t\t\t\tChalupa-Latte\t\t\t<\/a>\n\t\t<\/h3>\n\t\t\t\t<div class=\"elementor-post__excerpt\">\n\t\t\t<p>Chalupsk\u00e1 sla\u0165 bei Borov\u00e1 Lada - der gr\u00f6\u00dfte Torfteich in der Tschechischen Republik. Wie Sie von Horsk\u00e1 Kvilda dorthin gelangen, was Sie auf dem Naturlehrpfad erwartet, wie Sie parken k\u00f6nnen und praktische Tipps f\u00fcr Familien mit Kindern. <\/p>\n\t\t<\/div>\n\t\t\n\t\t<a class=\"elementor-post__read-more\" href=\"https:\/\/www.pensionhelenahones.cz\/de\/chalupa-latte\/\" aria-label=\"Mehr \u00fcber Chalupa-Latte\" tabindex=\"-1\" >\n\t\t\tArtikel lesen \"\t\t<\/a>\n\n\t\t\t\t<\/div>\n\t\t\t\t<div class=\"elementor-post__meta-data\">\n\t\t\t\t\t<span class=\"elementor-post-author\">\n\t\t\tTom\u00e1\u0161 Hones\t\t<\/span>\n\t\t\t\t<span class=\"elementor-post-date\">\n\t\t\tM\u00e4rz 3, 2026\t\t<\/span>\n\t\t\t\t<\/div>\n\t\t\t\t\t<\/div>\n\t\t<\/article>\n\t\t\t\t<article class=\"elementor-post elementor-grid-item post-10539 post type-post status-publish format-standard has-post-thumbnail hentry category-trips-de\" role=\"listitem\">\n\t\t\t<div class=\"elementor-post__card\">\n\t\t\t\t<a class=\"elementor-post__thumbnail__link\" href=\"https:\/\/www.pensionhelenahones.cz\/de\/turner-huette\/\" tabindex=\"-1\" ><div class=\"elementor-post__thumbnail\"><img loading=\"lazy\" decoding=\"async\" width=\"800\" height=\"534\" src=\"https:\/\/www.pensionhelenahones.cz\/wp-content\/uploads\/2023\/05\/turnerova-chata-1024x683.jpg\" class=\"attachment-large size-large wp-image-6910\" alt=\"\" srcset=\"https:\/\/www.pensionhelenahones.cz\/wp-content\/uploads\/2023\/05\/turnerova-chata-1024x683.jpg 1024w, https:\/\/www.pensionhelenahones.cz\/wp-content\/uploads\/2023\/05\/turnerova-chata-300x200.jpg 300w, https:\/\/www.pensionhelenahones.cz\/wp-content\/uploads\/2023\/05\/turnerova-chata-768x512.jpg 768w, https:\/\/www.pensionhelenahones.cz\/wp-content\/uploads\/2023\/05\/turnerova-chata-1536x1024.jpg 1536w, https:\/\/www.pensionhelenahones.cz\/wp-content\/uploads\/2023\/05\/turnerova-chata.jpg 1920w\" sizes=\"(max-width: 800px) 100vw, 800px\" title=\"\"><\/div><\/a>\n\t\t\t\t<div class=\"elementor-post__badge\">Trips<\/div>\n\t\t\t\t<div class=\"elementor-post__text\">\n\t\t\t\t<h3 class=\"elementor-post__title\">\n\t\t\t<a href=\"https:\/\/www.pensionhelenahones.cz\/de\/turner-huette\/\" >\n\t\t\t\tTurner-H\u00fctte\t\t\t<\/a>\n\t\t<\/h3>\n\t\t\t\t<div class=\"elementor-post__excerpt\">\n\t\t\t<p>Der Canyon des Flusses Vydra im B\u00f6hmerwald: eine ganzt\u00e4gige Wanderung mit dem Rauschen des wilden Wassers und dem Duft des feuchten Waldes. Natur, die Sie begeistern wird. <\/p>\n\t\t<\/div>\n\t\t\n\t\t<a class=\"elementor-post__read-more\" href=\"https:\/\/www.pensionhelenahones.cz\/de\/turner-huette\/\" aria-label=\"Mehr \u00fcber Turner-H\u00fctte\" tabindex=\"-1\" >\n\t\t\tArtikel lesen \"\t\t<\/a>\n\n\t\t\t\t<\/div>\n\t\t\t\t<div class=\"elementor-post__meta-data\">\n\t\t\t\t\t<span class=\"elementor-post-author\">\n\t\t\tTom\u00e1\u0161 Hones\t\t<\/span>\n\t\t\t\t<span class=\"elementor-post-date\">\n\t\t\tFebruar 27, 2026\t\t<\/span>\n\t\t\t\t<\/div>\n\t\t\t\t\t<\/div>\n\t\t<\/article>\n\t\t\t\t<article class=\"elementor-post elementor-grid-item post-10551 post type-post status-publish format-standard has-post-thumbnail hentry category-trips-de\" role=\"listitem\">\n\t\t\t<div class=\"elementor-post__card\">\n\t\t\t\t<a class=\"elementor-post__thumbnail__link\" href=\"https:\/\/www.pensionhelenahones.cz\/de\/antygl\/\" tabindex=\"-1\" ><div class=\"elementor-post__thumbnail\"><img loading=\"lazy\" decoding=\"async\" width=\"800\" height=\"530\" src=\"https:\/\/www.pensionhelenahones.cz\/wp-content\/uploads\/2023\/05\/antygl-vydra-1024x678.jpg\" class=\"attachment-large size-large wp-image-6908\" alt=\"\" srcset=\"https:\/\/www.pensionhelenahones.cz\/wp-content\/uploads\/2023\/05\/antygl-vydra-1024x678.jpg 1024w, https:\/\/www.pensionhelenahones.cz\/wp-content\/uploads\/2023\/05\/antygl-vydra-300x199.jpg 300w, https:\/\/www.pensionhelenahones.cz\/wp-content\/uploads\/2023\/05\/antygl-vydra-768x509.jpg 768w, https:\/\/www.pensionhelenahones.cz\/wp-content\/uploads\/2023\/05\/antygl-vydra.jpg 1200w\" sizes=\"(max-width: 800px) 100vw, 800px\" title=\"\"><\/div><\/a>\n\t\t\t\t<div class=\"elementor-post__badge\">Trips<\/div>\n\t\t\t\t<div class=\"elementor-post__text\">\n\t\t\t\t<h3 class=\"elementor-post__title\">\n\t\t\t<a href=\"https:\/\/www.pensionhelenahones.cz\/de\/antygl\/\" >\n\t\t\t\tAnt\u00fdgl\t\t\t<\/a>\n\t\t<\/h3>\n\t\t\t\t<div class=\"elementor-post__excerpt\">\n\t\t\t<p>Ein idealer Ausflug entlang des Hammerbachs. Ant\u00fdgl birgt schattige T\u00e4ler, das Rauschen flie\u00dfenden Wassers und unber\u00fchrte Natur. Lassen Sie Ihre Fahrr\u00e4der im Depot \u2013 die Route ist ausschlie\u00dflich Wanderern vorbehalten.  <\/p>\n\t\t<\/div>\n\t\t\n\t\t<a class=\"elementor-post__read-more\" href=\"https:\/\/www.pensionhelenahones.cz\/de\/antygl\/\" aria-label=\"Mehr \u00fcber Ant\u00fdgl\" tabindex=\"-1\" >\n\t\t\tArtikel lesen \"\t\t<\/a>\n\n\t\t\t\t<\/div>\n\t\t\t\t<div class=\"elementor-post__meta-data\">\n\t\t\t\t\t<span class=\"elementor-post-author\">\n\t\t\tTom\u00e1\u0161 Hones\t\t<\/span>\n\t\t\t\t<span class=\"elementor-post-date\">\n\t\t\tFebruar 27, 2026\t\t<\/span>\n\t\t\t\t<\/div>\n\t\t\t\t\t<\/div>\n\t\t<\/article>\n\t\t\t\t<article class=\"elementor-post elementor-grid-item post-10548 post type-post status-publish format-standard has-post-thumbnail hentry category-trips-de\" role=\"listitem\">\n\t\t\t<div class=\"elementor-post__card\">\n\t\t\t\t<a class=\"elementor-post__thumbnail__link\" href=\"https:\/\/www.pensionhelenahones.cz\/de\/filipova-hut\/\" tabindex=\"-1\" ><div class=\"elementor-post__thumbnail\"><img loading=\"lazy\" decoding=\"async\" width=\"800\" height=\"600\" src=\"https:\/\/www.pensionhelenahones.cz\/wp-content\/uploads\/2023\/05\/penzion-korytko.jpg\" class=\"attachment-large size-large wp-image-6906\" alt=\"\" srcset=\"https:\/\/www.pensionhelenahones.cz\/wp-content\/uploads\/2023\/05\/penzion-korytko.jpg 1000w, https:\/\/www.pensionhelenahones.cz\/wp-content\/uploads\/2023\/05\/penzion-korytko-300x225.jpg 300w, https:\/\/www.pensionhelenahones.cz\/wp-content\/uploads\/2023\/05\/penzion-korytko-768x576.jpg 768w\" sizes=\"(max-width: 800px) 100vw, 800px\" title=\"\"><\/div><\/a>\n\t\t\t\t<div class=\"elementor-post__badge\">Trips<\/div>\n\t\t\t\t<div class=\"elementor-post__text\">\n\t\t\t\t<h3 class=\"elementor-post__title\">\n\t\t\t<a href=\"https:\/\/www.pensionhelenahones.cz\/de\/filipova-hut\/\" >\n\t\t\t\tFilipova Hu\u0165\t\t\t<\/a>\n\t\t<\/h3>\n\t\t\t\t<div class=\"elementor-post__excerpt\">\n\t\t\t<p>Filipova Hu\u0165 lockt mit weiten Ausblicken und der Atmosph\u00e4re von Bergeinsamkeiten. Eine beliebte Route im Nationalpark B\u00f6hmerwald, die zu jeder Jahreszeit einen Besuch wert ist. <\/p>\n\t\t<\/div>\n\t\t\n\t\t<a class=\"elementor-post__read-more\" href=\"https:\/\/www.pensionhelenahones.cz\/de\/filipova-hut\/\" aria-label=\"Mehr \u00fcber Filipova Hu\u0165\" tabindex=\"-1\" >\n\t\t\tArtikel lesen \"\t\t<\/a>\n\n\t\t\t\t<\/div>\n\t\t\t\t<div class=\"elementor-post__meta-data\">\n\t\t\t\t\t<span class=\"elementor-post-author\">\n\t\t\tTom\u00e1\u0161 Hones\t\t<\/span>\n\t\t\t\t<span class=\"elementor-post-date\">\n\t\t\tFebruar 27, 2026\t\t<\/span>\n\t\t\t\t<\/div>\n\t\t\t\t\t<\/div>\n\t\t<\/article>\n\t\t\t\t<article class=\"elementor-post elementor-grid-item post-10545 post type-post status-publish format-standard has-post-thumbnail hentry category-trips-de\" role=\"listitem\">\n\t\t\t<div class=\"elementor-post__card\">\n\t\t\t\t<a class=\"elementor-post__thumbnail__link\" href=\"https:\/\/www.pensionhelenahones.cz\/de\/hirsch-und-luchsgehege-kvilda\/\" tabindex=\"-1\" ><div class=\"elementor-post__thumbnail\"><img loading=\"lazy\" decoding=\"async\" width=\"695\" height=\"1024\" src=\"https:\/\/www.pensionhelenahones.cz\/wp-content\/uploads\/2023\/05\/jeleni-vybeh-kvilda-695x1024.jpg\" class=\"attachment-large size-large wp-image-6920\" alt=\"\" srcset=\"https:\/\/www.pensionhelenahones.cz\/wp-content\/uploads\/2023\/05\/jeleni-vybeh-kvilda-695x1024.jpg 695w, https:\/\/www.pensionhelenahones.cz\/wp-content\/uploads\/2023\/05\/jeleni-vybeh-kvilda-204x300.jpg 204w, https:\/\/www.pensionhelenahones.cz\/wp-content\/uploads\/2023\/05\/jeleni-vybeh-kvilda-768x1131.jpg 768w, https:\/\/www.pensionhelenahones.cz\/wp-content\/uploads\/2023\/05\/jeleni-vybeh-kvilda-1043x1536.jpg 1043w, https:\/\/www.pensionhelenahones.cz\/wp-content\/uploads\/2023\/05\/jeleni-vybeh-kvilda-1390x2048.jpg 1390w, https:\/\/www.pensionhelenahones.cz\/wp-content\/uploads\/2023\/05\/jeleni-vybeh-kvilda-scaled.jpg 1738w\" sizes=\"(max-width: 695px) 100vw, 695px\" title=\"\"><\/div><\/a>\n\t\t\t\t<div class=\"elementor-post__badge\">Trips<\/div>\n\t\t\t\t<div class=\"elementor-post__text\">\n\t\t\t\t<h3 class=\"elementor-post__title\">\n\t\t\t<a href=\"https:\/\/www.pensionhelenahones.cz\/de\/hirsch-und-luchsgehege-kvilda\/\" >\n\t\t\t\tHirsch- und Luchsgehege Kvilda\t\t\t<\/a>\n\t\t<\/h3>\n\t\t\t\t<div class=\"elementor-post__excerpt\">\n\t\t\t<p>Ein idealer Ausflug! Hirsche und Luchse bei Kvilda warten auf Sie. Eine leichte Route, fantastische Aussichtspunkte und die wilde Natur zum Greifen nah.  <\/p>\n\t\t<\/div>\n\t\t\n\t\t<a class=\"elementor-post__read-more\" href=\"https:\/\/www.pensionhelenahones.cz\/de\/hirsch-und-luchsgehege-kvilda\/\" aria-label=\"Mehr \u00fcber Hirsch- und Luchsgehege Kvilda\" tabindex=\"-1\" >\n\t\t\tArtikel lesen \"\t\t<\/a>\n\n\t\t\t\t<\/div>\n\t\t\t\t<div class=\"elementor-post__meta-data\">\n\t\t\t\t\t<span class=\"elementor-post-author\">\n\t\t\tTom\u00e1\u0161 Hones\t\t<\/span>\n\t\t\t\t<span class=\"elementor-post-date\">\n\t\t\tFebruar 27, 2026\t\t<\/span>\n\t\t\t\t<\/div>\n\t\t\t\t\t<\/div>\n\t\t<\/article>\n\t\t\t\t<article class=\"elementor-post elementor-grid-item post-10555 post type-post status-publish format-standard has-post-thumbnail hentry category-trips-de\" role=\"listitem\">\n\t\t\t<div class=\"elementor-post__card\">\n\t\t\t\t<a class=\"elementor-post__thumbnail__link\" href=\"https:\/\/www.pensionhelenahones.cz\/de\/zlata-studna\/\" tabindex=\"-1\" ><div class=\"elementor-post__thumbnail\"><img loading=\"lazy\" decoding=\"async\" width=\"800\" height=\"534\" src=\"https:\/\/www.pensionhelenahones.cz\/wp-content\/uploads\/2023\/05\/zlata-studna-tipy-na-vylety-1024x683.jpg\" class=\"attachment-large size-large wp-image-6894\" alt=\"\" srcset=\"https:\/\/www.pensionhelenahones.cz\/wp-content\/uploads\/2023\/05\/zlata-studna-tipy-na-vylety-1024x683.jpg 1024w, https:\/\/www.pensionhelenahones.cz\/wp-content\/uploads\/2023\/05\/zlata-studna-tipy-na-vylety-300x200.jpg 300w, https:\/\/www.pensionhelenahones.cz\/wp-content\/uploads\/2023\/05\/zlata-studna-tipy-na-vylety-768x512.jpg 768w, https:\/\/www.pensionhelenahones.cz\/wp-content\/uploads\/2023\/05\/zlata-studna-tipy-na-vylety-1536x1024.jpg 1536w, https:\/\/www.pensionhelenahones.cz\/wp-content\/uploads\/2023\/05\/zlata-studna-tipy-na-vylety.jpg 1800w\" sizes=\"(max-width: 800px) 100vw, 800px\" title=\"\"><\/div><\/a>\n\t\t\t\t<div class=\"elementor-post__badge\">Trips<\/div>\n\t\t\t\t<div class=\"elementor-post__text\">\n\t\t\t\t<h3 class=\"elementor-post__title\">\n\t\t\t<a href=\"https:\/\/www.pensionhelenahones.cz\/de\/zlata-studna\/\" >\n\t\t\t\tZlat\u00e1 Studna\t\t\t<\/a>\n\t\t<\/h3>\n\t\t\t\t<div class=\"elementor-post__excerpt\">\n\t\t\t<p>Der B\u00f6hmerwald verbirgt Juwelen \u2013 eines davon ist Zlat\u00e1 Studna. Eine ruhige Route, duftender Wald und der Genius Loci alter Zeiten. Ein idealer Ausflug!   <\/p>\n\t\t<\/div>\n\t\t\n\t\t<a class=\"elementor-post__read-more\" href=\"https:\/\/www.pensionhelenahones.cz\/de\/zlata-studna\/\" aria-label=\"Mehr \u00fcber Zlat\u00e1 Studna\" tabindex=\"-1\" >\n\t\t\tArtikel lesen \"\t\t<\/a>\n\n\t\t\t\t<\/div>\n\t\t\t\t<div class=\"elementor-post__meta-data\">\n\t\t\t\t\t<span class=\"elementor-post-author\">\n\t\t\tTom\u00e1\u0161 Hones\t\t<\/span>\n\t\t\t\t<span class=\"elementor-post-date\">\n\t\t\tFebruar 27, 2026\t\t<\/span>\n\t\t\t\t<\/div>\n\t\t\t\t\t<\/div>\n\t\t<\/article>\n\t\t\t\t<article class=\"elementor-post elementor-grid-item post-8765 post type-post status-publish format-standard has-post-thumbnail hentry category-informationen\" role=\"listitem\">\n\t\t\t<div class=\"elementor-post__card\">\n\t\t\t\t<a class=\"elementor-post__thumbnail__link\" href=\"https:\/\/www.pensionhelenahones.cz\/de\/restaurant-auf-horska-kvilda\/\" tabindex=\"-1\" ><div class=\"elementor-post__thumbnail\"><img loading=\"lazy\" decoding=\"async\" width=\"800\" height=\"360\" src=\"https:\/\/www.pensionhelenahones.cz\/wp-content\/uploads\/2025\/06\/restaurace-na-horske-kvilde-1024x461.jpg\" class=\"attachment-large size-large wp-image-8756\" alt=\"\" srcset=\"https:\/\/www.pensionhelenahones.cz\/wp-content\/uploads\/2025\/06\/restaurace-na-horske-kvilde-1024x461.jpg 1024w, https:\/\/www.pensionhelenahones.cz\/wp-content\/uploads\/2025\/06\/restaurace-na-horske-kvilde-300x135.jpg 300w, https:\/\/www.pensionhelenahones.cz\/wp-content\/uploads\/2025\/06\/restaurace-na-horske-kvilde-768x346.jpg 768w, https:\/\/www.pensionhelenahones.cz\/wp-content\/uploads\/2025\/06\/restaurace-na-horske-kvilde-1536x692.jpg 1536w, https:\/\/www.pensionhelenahones.cz\/wp-content\/uploads\/2025\/06\/restaurace-na-horske-kvilde.jpg 1920w\" sizes=\"(max-width: 800px) 100vw, 800px\" title=\"\"><\/div><\/a>\n\t\t\t\t<div class=\"elementor-post__badge\">Informationen<\/div>\n\t\t\t\t<div class=\"elementor-post__text\">\n\t\t\t\t<h3 class=\"elementor-post__title\">\n\t\t\t<a href=\"https:\/\/www.pensionhelenahones.cz\/de\/restaurant-auf-horska-kvilda\/\" >\n\t\t\t\tRestaurant auf Horsk\u00e1 Kvilda\t\t\t<\/a>\n\t\t<\/h3>\n\t\t\t\t<div class=\"elementor-post__excerpt\">\n\t\t\t<p>Wenn Sie auf der Suche nach einem guten Restaurant sind, haben wir zwei bew\u00e4hrte Tipps f\u00fcr Sie. Vom G\u00e4stehaus Helena Honesov\u00e1 aus k\u00f6nnen Sie die Restaurants in wenigen Minuten zu Fu\u00df erreichen. <\/p>\n\t\t<\/div>\n\t\t\n\t\t<a class=\"elementor-post__read-more\" href=\"https:\/\/www.pensionhelenahones.cz\/de\/restaurant-auf-horska-kvilda\/\" aria-label=\"Mehr \u00fcber Restaurant auf Horsk\u00e1 Kvilda\" tabindex=\"-1\" >\n\t\t\tArtikel lesen \"\t\t<\/a>\n\n\t\t\t\t<\/div>\n\t\t\t\t<div class=\"elementor-post__meta-data\">\n\t\t\t\t\t<span class=\"elementor-post-author\">\n\t\t\tTom\u00e1\u0161 Hones\t\t<\/span>\n\t\t\t\t<span class=\"elementor-post-date\">\n\t\t\tJuni 10, 2025\t\t<\/span>\n\t\t\t\t<\/div>\n\t\t\t\t\t<\/div>\n\t\t<\/article>\n\t\t\t\t<\/div>\n\t\t\n\t\t\t\t<div class=\"e-load-more-anchor\" data-page=\"1\" data-max-page=\"2\" data-next-page=\"https:\/\/www.pensionhelenahones.cz\/de\/wp-json\/wp\/v2\/pages\/7327\/page\/2\/\"><\/div>\n\t\t\t\t<nav class=\"elementor-pagination\" aria-label=\"Seitennummerierung\">\n\t\t\t<span aria-current=\"page\" class=\"page-numbers current\"><span class=\"elementor-screen-only\">Seite<\/span>1<\/span>\n<a class=\"page-numbers\" href=\"https:\/\/www.pensionhelenahones.cz\/de\/wp-json\/wp\/v2\/pages\/7327\/page\/2\/\"><span class=\"elementor-screen-only\">Seite<\/span>2<\/a>\t\t<\/nav>\n\t\t\t\t\t\t<\/div>\n\t\t\t\t<\/div>\n\t\t\t\t\t<\/div>\n\t\t\t\t<\/div>\n\t\t\t\t<\/div>\n\t\t","protected":false},"excerpt":{"rendered":"<p>Artikel Informationen und Tipps f\u00fcr Ausfl\u00fcge<\/p>\n","protected":false},"author":1,"featured_media":6938,"parent":0,"menu_order":0,"comment_status":"closed","ping_status":"closed","template":"","meta":{"inline_featured_image":false,"footnotes":""},"class_list":["post-7327","page","type-page","status-publish","has-post-thumbnail","hentry"],"_links":{"self":[{"href":"https:\/\/www.pensionhelenahones.cz\/de\/wp-json\/wp\/v2\/pages\/7327","targetHints":{"allow":["GET"]}}],"collection":[{"href":"https:\/\/www.pensionhelenahones.cz\/de\/wp-json\/wp\/v2\/pages"}],"about":[{"href":"https:\/\/www.pensionhelenahones.cz\/de\/wp-json\/wp\/v2\/types\/page"}],"author":[{"embeddable":true,"href":"https:\/\/www.pensionhelenahones.cz\/de\/wp-json\/wp\/v2\/users\/1"}],"replies":[{"embeddable":true,"href":"https:\/\/www.pensionhelenahones.cz\/de\/wp-json\/wp\/v2\/comments?post=7327"}],"version-history":[{"count":0,"href":"https:\/\/www.pensionhelenahones.cz\/de\/wp-json\/wp\/v2\/pages\/7327\/revisions"}],"wp:featuredmedia":[{"embeddable":true,"href":"https:\/\/www.pensionhelenahones.cz\/de\/wp-json\/wp\/v2\/media\/6938"}],"wp:attachment":[{"href":"https:\/\/www.pensionhelenahones.cz\/de\/wp-json\/wp\/v2\/media?parent=7327"}],"curies":[{"name":"wp","href":"https:\/\/api.w.org\/{rel}","templated":true}]}}