{"id":7237,"date":"2023-08-05T14:58:48","date_gmt":"2023-08-05T12:58:48","guid":{"rendered":"https:\/\/www.pensionhelenahones.cz\/groups\/"},"modified":"2025-05-26T16:11:45","modified_gmt":"2025-05-26T14:11:45","slug":"groups","status":"publish","type":"page","link":"https:\/\/www.pensionhelenahones.cz\/en\/stay-packages\/groups\/","title":{"rendered":"Groups"},"content":{"rendered":"\t\t<div data-elementor-type=\"wp-page\" data-elementor-id=\"7237\" class=\"elementor elementor-7237 elementor-4387\" data-elementor-post-type=\"page\">\n\t\t\t\t<div data-dce-background-overlay-color=\"#000000\" data-dce-background-image-url=\"https:\/\/www.pensionhelenahones.cz\/wp-content\/uploads\/2023\/10\/pro-3-osoby-nahled.jpg\" class=\"elementor-element elementor-element-d6c8d69 e-con-full e-flex e-con e-parent\" data-id=\"d6c8d69\" data-element_type=\"container\" data-e-type=\"container\" data-settings=\"{&quot;background_background&quot;:&quot;classic&quot;}\">\n\t\t<div class=\"elementor-element elementor-element-08b7a30 e-flex e-con-boxed e-con e-child\" data-id=\"08b7a30\" data-element_type=\"container\" data-e-type=\"container\">\n\t\t\t\t\t<div class=\"e-con-inner\">\n\t\t\t\t<div class=\"elementor-element elementor-element-e717687 elementor-widget elementor-widget-heading\" data-id=\"e717687\" data-element_type=\"widget\" data-e-type=\"widget\" data-widget_type=\"heading.default\">\n\t\t\t\t<div class=\"elementor-widget-container\">\n\t\t\t\t\t<h1 class=\"elementor-heading-title elementor-size-default\">Discounted stay packages<\/h1>\t\t\t\t<\/div>\n\t\t\t\t<\/div>\n\t\t\t\t<div class=\"elementor-element elementor-element-d906306 elementor-widget elementor-widget-heading\" data-id=\"d906306\" data-element_type=\"widget\" data-e-type=\"widget\" data-widget_type=\"heading.default\">\n\t\t\t\t<div class=\"elementor-widget-container\">\n\t\t\t\t\t<h2 class=\"elementor-heading-title elementor-size-default\">Autumn dates from 1. 10. 2023 to 20. 12. 2023.<\/h2>\t\t\t\t<\/div>\n\t\t\t\t<\/div>\n\t\t\t\t<div class=\"elementor-element elementor-element-9228b75 elementor-widget-divider--view-line elementor-widget elementor-widget-divider\" data-id=\"9228b75\" data-element_type=\"widget\" data-e-type=\"widget\" data-widget_type=\"divider.default\">\n\t\t\t\t<div class=\"elementor-widget-container\">\n\t\t\t\t\t\t\t<div class=\"elementor-divider\">\n\t\t\t<span class=\"elementor-divider-separator\">\n\t\t\t\t\t\t<\/span>\n\t\t<\/div>\n\t\t\t\t\t\t<\/div>\n\t\t\t\t<\/div>\n\t\t\t\t<div class=\"elementor-element elementor-element-e2f6e95 elementor-widget elementor-widget-heading\" data-id=\"e2f6e95\" data-element_type=\"widget\" data-e-type=\"widget\" data-widget_type=\"heading.default\">\n\t\t\t\t<div class=\"elementor-widget-container\">\n\t\t\t\t\t<h2 class=\"elementor-heading-title elementor-size-default\">Stays for groups<\/h2>\t\t\t\t<\/div>\n\t\t\t\t<\/div>\n\t\t\t\t\t<\/div>\n\t\t\t\t<\/div>\n\t\t\t\t<\/div>\n\t\t<div data-dce-background-color=\"#F0ECE7\" class=\"elementor-element elementor-element-06ba3be e-con-full e-flex e-con e-parent\" data-id=\"06ba3be\" data-element_type=\"container\" data-e-type=\"container\" data-settings=\"{&quot;background_background&quot;:&quot;classic&quot;}\">\n\t\t<div class=\"elementor-element elementor-element-68b89b8 e-con-full e-flex e-con e-child\" data-id=\"68b89b8\" data-element_type=\"container\" data-e-type=\"container\">\n\t\t<div class=\"elementor-element elementor-element-25b3069 e-con-full e-flex e-con e-child\" data-id=\"25b3069\" data-element_type=\"container\" data-e-type=\"container\">\n\t\t\t\t<div class=\"elementor-element elementor-element-ceac5b0 elementor-widget elementor-widget-heading\" data-id=\"ceac5b0\" data-element_type=\"widget\" data-e-type=\"widget\" data-widget_type=\"heading.default\">\n\t\t\t\t<div class=\"elementor-widget-container\">\n\t\t\t\t\t<h2 class=\"elementor-heading-title elementor-size-default\">Autumn comfort with family or friends...<\/h2>\t\t\t\t<\/div>\n\t\t\t\t<\/div>\n\t\t\t\t<div class=\"elementor-element elementor-element-ed76247 elementor-widget__width-initial elementor-widget-tablet__width-initial elementor-widget elementor-widget-text-editor\" data-id=\"ed76247\" data-element_type=\"widget\" data-e-type=\"widget\" data-widget_type=\"text-editor.default\">\n\t\t\t\t<div class=\"elementor-widget-container\">\n\t\t\t\t\t\t\t\t\t<p>Enjoy an undisturbed stay and the \u0160umava autumn atmosphere with your family or friends.<\/p>\t\t\t\t\t\t\t\t<\/div>\n\t\t\t\t<\/div>\n\t\t\t\t<\/div>\n\t\t<div data-dce-background-image-url=\"https:\/\/www.pensionhelenahones.cz\/wp-content\/uploads\/2023\/08\/podzimni-list.png\" class=\"elementor-element elementor-element-11e29a7 e-con-full e-flex e-con e-child\" data-id=\"11e29a7\" data-element_type=\"container\" data-e-type=\"container\" data-settings=\"{&quot;background_background&quot;:&quot;classic&quot;}\">\n\t\t\t\t<div class=\"elementor-element elementor-element-5e91362 elementor-widget elementor-widget-shortcode\" data-id=\"5e91362\" data-element_type=\"widget\" data-e-type=\"widget\" data-widget_type=\"shortcode.default\">\n\t\t\t\t<div class=\"elementor-widget-container\">\n\t\t\t\t\t\t\t<div class=\"elementor-shortcode\"><div data-src=\"https:\/\/cdn.trustindex.io\/loader.js?3cdc28f15cc792516976b75a13e\"><\/div><\/div>\n\t\t\t\t\t\t<\/div>\n\t\t\t\t<\/div>\n\t\t\t\t<div class=\"elementor-element elementor-element-45368e1 elementor-hidden-desktop elementor-hidden-tablet elementor-widget elementor-widget-spacer\" data-id=\"45368e1\" data-element_type=\"widget\" data-e-type=\"widget\" data-widget_type=\"spacer.default\">\n\t\t\t\t<div class=\"elementor-widget-container\">\n\t\t\t\t\t\t\t<div class=\"elementor-spacer\">\n\t\t\t<div class=\"elementor-spacer-inner\"><\/div>\n\t\t<\/div>\n\t\t\t\t\t\t<\/div>\n\t\t\t\t<\/div>\n\t\t\t\t<\/div>\n\t\t\t\t<\/div>\n\t\t\t\t<\/div>\n\t\t<div data-dce-background-color=\"#F0ECE7\" class=\"elementor-element elementor-element-e2fd7df e-con-full e-flex e-con e-parent\" data-id=\"e2fd7df\" data-element_type=\"container\" data-e-type=\"container\" data-settings=\"{&quot;background_background&quot;:&quot;classic&quot;}\">\n\t\t<div class=\"elementor-element elementor-element-baf9d58 e-con-full e-flex e-con e-child\" data-id=\"baf9d58\" data-element_type=\"container\" data-e-type=\"container\">\n\t\t<div class=\"elementor-element elementor-element-04d082b e-con-full e-flex e-con e-child\" data-id=\"04d082b\" data-element_type=\"container\" data-e-type=\"container\">\n\t\t<div class=\"elementor-element elementor-element-572043d e-con-full e-flex e-con e-child\" data-id=\"572043d\" data-element_type=\"container\" data-e-type=\"container\">\n\t\t\t\t<div class=\"elementor-element elementor-element-63e9cc6 elementor-position-inline-start elementor-view-default elementor-mobile-position-block-start elementor-widget elementor-widget-icon-box\" data-id=\"63e9cc6\" data-element_type=\"widget\" data-e-type=\"widget\" data-widget_type=\"icon-box.default\">\n\t\t\t\t<div class=\"elementor-widget-container\">\n\t\t\t\t\t\t\t<div class=\"elementor-icon-box-wrapper\">\n\n\t\t\t\t\t\t<div class=\"elementor-icon-box-icon\">\n\t\t\t\t<span  class=\"elementor-icon\">\n\t\t\t\t<i aria-hidden=\"true\" class=\"fas fa-tree\"><\/i>\t\t\t\t<\/span>\n\t\t\t<\/div>\n\t\t\t\n\t\t\t\t\t\t<div class=\"elementor-icon-box-content\">\n\n\t\t\t\t\t\t\t\t\t<h3 class=\"elementor-icon-box-title\">\n\t\t\t\t\t\t<span  >\n\t\t\t\t\t\t\tAccommodation in Horsk\u00e1 Kvilda off the main road\t\t\t\t\t\t<\/span>\n\t\t\t\t\t<\/h3>\n\t\t\t\t\n\t\t\t\t\t\t\t\t\t<p class=\"elementor-icon-box-description\">\n\t\t\t\t\t\tPension Helena Honesov\u00e1 is located in a beautiful location in Horsk\u00e1 Kvilda 50 off the main road. Guaranteed peace of mind for your holiday.\t\t\t\t\t<\/p>\n\t\t\t\t\n\t\t\t<\/div>\n\t\t\t\n\t\t<\/div>\n\t\t\t\t\t\t<\/div>\n\t\t\t\t<\/div>\n\t\t\t\t<div class=\"elementor-element elementor-element-5fac30d elementor-position-inline-start elementor-view-default elementor-mobile-position-block-start elementor-widget elementor-widget-icon-box\" data-id=\"5fac30d\" data-element_type=\"widget\" data-e-type=\"widget\" data-widget_type=\"icon-box.default\">\n\t\t\t\t<div class=\"elementor-widget-container\">\n\t\t\t\t\t\t\t<div class=\"elementor-icon-box-wrapper\">\n\n\t\t\t\t\t\t<div class=\"elementor-icon-box-icon\">\n\t\t\t\t<span  class=\"elementor-icon\">\n\t\t\t\t<i aria-hidden=\"true\" class=\"fas fa-sun\"><\/i>\t\t\t\t<\/span>\n\t\t\t<\/div>\n\t\t\t\n\t\t\t\t\t\t<div class=\"elementor-icon-box-content\">\n\n\t\t\t\t\t\t\t\t\t<h3 class=\"elementor-icon-box-title\">\n\t\t\t\t\t\t<span  >\n\t\t\t\t\t\t\tOutdoor seating and views of the valley\t\t\t\t\t\t<\/span>\n\t\t\t\t\t<\/h3>\n\t\t\t\t\n\t\t\t\t\t\t\t\t\t<p class=\"elementor-icon-box-description\">\n\t\t\t\t\t\tRelax by the fireplace and enjoy an unforgettable view of the valley of the Hamersk\u00fd brook and the Ant\u00fdgl hill.\t\t\t\t\t<\/p>\n\t\t\t\t\n\t\t\t<\/div>\n\t\t\t\n\t\t<\/div>\n\t\t\t\t\t\t<\/div>\n\t\t\t\t<\/div>\n\t\t\t\t<\/div>\n\t\t<div class=\"elementor-element elementor-element-f3c6c59 e-con-full e-flex e-con e-child\" data-id=\"f3c6c59\" data-element_type=\"container\" data-e-type=\"container\">\n\t\t\t\t<div class=\"elementor-element elementor-element-ab5bae5 elementor-widget-mobile__width-initial elementor-widget elementor-widget-jet-carousel\" data-id=\"ab5bae5\" data-element_type=\"widget\" data-e-type=\"widget\" data-settings=\"{&quot;slides_to_show_tablet&quot;:&quot;2&quot;,&quot;slides_to_show_mobile&quot;:&quot;1&quot;,&quot;slides_to_show&quot;:&quot;2&quot;,&quot;slides_to_scroll&quot;:&quot;1&quot;}\" data-widget_type=\"jet-carousel.default\">\n\t\t\t\t<div class=\"elementor-widget-container\">\n\t\t\t\t\t<div class=\"elementor-jet-carousel jet-elements\"><div class=\"jet-carousel-wrap jet-equal-cols\">\n\t<div class=\"jet-carousel\" data-slider_options=\"{&quot;autoplaySpeed&quot;:5000,&quot;autoplay&quot;:true,&quot;infinite&quot;:true,&quot;centerMode&quot;:false,&quot;centerPadding&quot;:&quot;50px&quot;,&quot;pauseOnHover&quot;:true,&quot;speed&quot;:500,&quot;arrows&quot;:true,&quot;dots&quot;:false,&quot;variableWidth&quot;:false,&quot;prevArrow&quot;:&quot;.jet-carousel__prev-arrow-ab5bae5&quot;,&quot;nextArrow&quot;:&quot;.jet-carousel__next-arrow-ab5bae5&quot;,&quot;rtl&quot;:false,&quot;fractionNav&quot;:false}\" dir=\"ltr\">\n\t<div class=\"elementor-slick-slider\">\n<div class=\"jet-carousel__item\">\n\t<div class=\"jet-carousel__item-inner\">\n\t<figure class=\"jet-banner jet-effect-sadie\"><a href=\"https:\/\/www.pensionhelenahones.cz\/wp-content\/uploads\/2023\/09\/Pension-Helena-Honesova.jpg\" class=\"jet-banner__link\" data-elementor-open-lightbox=\"yes\" data-elementor-lightbox-slideshow=\"ab5bae5\"  ><div class=\"jet-banner__overlay\"><\/div><img decoding=\"async\" src=\"https:\/\/www.pensionhelenahones.cz\/wp-content\/uploads\/2023\/09\/Pension-Helena-Honesova.jpg\" class=\"jet-banner__img\" alt=\"Pension Helena Honesov\u00e1\" loading=\"lazy\" title=\"\"><figcaption class=\"jet-banner__content\"><div class=\"jet-banner__content-wrap\"><\/div><\/figcaption><\/a><\/figure>\n\t<\/div>\n<\/div><div class=\"jet-carousel__item\">\n\t<div class=\"jet-carousel__item-inner\">\n\t<figure class=\"jet-banner jet-effect-sadie\"><a href=\"https:\/\/www.pensionhelenahones.cz\/wp-content\/uploads\/2023\/09\/Odpocinte-si-od-velkomesta.jpg\" class=\"jet-banner__link\" data-elementor-open-lightbox=\"yes\" data-elementor-lightbox-slideshow=\"ab5bae5\"  ><div class=\"jet-banner__overlay\"><\/div><img decoding=\"async\" src=\"https:\/\/www.pensionhelenahones.cz\/wp-content\/uploads\/2023\/09\/Odpocinte-si-od-velkomesta.jpg\" class=\"jet-banner__img\" alt=\"Odpo\u010dinte si od velkomesta\" loading=\"lazy\" title=\"\"><figcaption class=\"jet-banner__content\"><div class=\"jet-banner__content-wrap\"><\/div><\/figcaption><\/a><\/figure>\n\t<\/div>\n<\/div><div class=\"jet-carousel__item\">\n\t<div class=\"jet-carousel__item-inner\">\n\t<figure class=\"jet-banner jet-effect-sadie\"><a href=\"https:\/\/www.pensionhelenahones.cz\/wp-content\/uploads\/2023\/09\/relaxujte-u-otevreneho-ohne.jpg\" class=\"jet-banner__link\" data-elementor-open-lightbox=\"yes\" data-elementor-lightbox-slideshow=\"ab5bae5\"  ><div class=\"jet-banner__overlay\"><\/div><img decoding=\"async\" src=\"https:\/\/www.pensionhelenahones.cz\/wp-content\/uploads\/2023\/09\/relaxujte-u-otevreneho-ohne.jpg\" class=\"jet-banner__img\" alt=\"relaxujte u otev\u0159en\u00e9ho ohn\u011b\" loading=\"lazy\" title=\"\"><figcaption class=\"jet-banner__content\"><div class=\"jet-banner__content-wrap\"><\/div><\/figcaption><\/a><\/figure>\n\t<\/div>\n<\/div><div class=\"jet-carousel__item\">\n\t<div class=\"jet-carousel__item-inner\">\n\t<figure class=\"jet-banner jet-effect-sadie\"><a href=\"https:\/\/www.pensionhelenahones.cz\/wp-content\/uploads\/2023\/09\/Ubytovani-s-vyhledem-na-antygl.jpg\" class=\"jet-banner__link\" data-elementor-open-lightbox=\"yes\" data-elementor-lightbox-slideshow=\"ab5bae5\"  ><div class=\"jet-banner__overlay\"><\/div><img decoding=\"async\" src=\"https:\/\/www.pensionhelenahones.cz\/wp-content\/uploads\/2023\/09\/Ubytovani-s-vyhledem-na-antygl.jpg\" class=\"jet-banner__img\" alt=\"Ubytov\u00e1n\u00ed s v\u00fdhledem na ant\u00fdgl\" loading=\"lazy\" title=\"\"><figcaption class=\"jet-banner__content\"><div class=\"jet-banner__content-wrap\"><\/div><\/figcaption><\/a><\/figure>\n\t<\/div>\n<\/div><div class=\"jet-carousel__item\">\n\t<div class=\"jet-carousel__item-inner\">\n\t<figure class=\"jet-banner jet-effect-sadie\"><a href=\"https:\/\/www.pensionhelenahones.cz\/wp-content\/uploads\/2023\/09\/vypujcte-si-vybaveni-na-discgolf.jpg\" class=\"jet-banner__link\" data-elementor-open-lightbox=\"yes\" data-elementor-lightbox-slideshow=\"ab5bae5\"  ><div class=\"jet-banner__overlay\"><\/div><img decoding=\"async\" src=\"https:\/\/www.pensionhelenahones.cz\/wp-content\/uploads\/2023\/09\/vypujcte-si-vybaveni-na-discgolf.jpg\" class=\"jet-banner__img\" alt=\"vypujcte si vybaveni na discgolf\" loading=\"lazy\" title=\"\"><figcaption class=\"jet-banner__content\"><div class=\"jet-banner__content-wrap\"><\/div><\/figcaption><\/a><\/figure>\n\t<\/div>\n<\/div><div class=\"jet-carousel__item\">\n\t<div class=\"jet-carousel__item-inner\">\n\t<figure class=\"jet-banner jet-effect-sadie\"><a href=\"https:\/\/www.pensionhelenahones.cz\/wp-content\/uploads\/2023\/09\/vylety-sumava-podzim.jpg\" class=\"jet-banner__link\" data-elementor-open-lightbox=\"yes\" data-elementor-lightbox-slideshow=\"ab5bae5\"  ><div class=\"jet-banner__overlay\"><\/div><img decoding=\"async\" src=\"https:\/\/www.pensionhelenahones.cz\/wp-content\/uploads\/2023\/09\/vylety-sumava-podzim.jpg\" class=\"jet-banner__img\" alt=\"vylety sumava podzim\" loading=\"lazy\" title=\"\"><figcaption class=\"jet-banner__content\"><div class=\"jet-banner__content-wrap\"><\/div><\/figcaption><\/a><\/figure>\n\t<\/div>\n<\/div><\/div><div class=\"jet-carousel__prev-arrow-ab5bae5 jet-arrow prev-arrow\"><i aria-hidden=\"true\" class=\"fas fa-chevron-left\"><\/i><\/div><div class=\"jet-carousel__next-arrow-ab5bae5 jet-arrow next-arrow\"><\/div><\/div>\n<\/div>\n<\/div>\t\t\t\t<\/div>\n\t\t\t\t<\/div>\n\t\t\t\t<\/div>\n\t\t\t\t<\/div>\n\t\t\t\t<\/div>\n\t\t\t\t<\/div>\n\t\t<div class=\"elementor-element elementor-element-e6eb87a e-con-full e-flex e-con e-parent\" data-id=\"e6eb87a\" data-element_type=\"container\" data-e-type=\"container\">\n\t\t\t\t<div data-dce-background-color=\"#006E45\" class=\"elementor-element elementor-element-28925a2 elementor-align-center elementor-hidden-tablet elementor-hidden-mobile elementor-widget elementor-widget-button\" data-id=\"28925a2\" data-element_type=\"widget\" data-e-type=\"widget\" data-widget_type=\"button.default\">\n\t\t\t\t<div class=\"elementor-widget-container\">\n\t\t\t\t\t\t\t\t\t<div class=\"elementor-button-wrapper\">\n\t\t\t\t\t<a class=\"elementor-button elementor-button-link elementor-size-md\" href=\"https:\/\/www.pensionhelenahones.cz\/en\/stay-packages\/#pobytove-balicky\">\n\t\t\t\t\t\t<span class=\"elementor-button-content-wrapper\">\n\t\t\t\t\t\t\t\t\t<span class=\"elementor-button-text\">Other stay packages<\/span>\n\t\t\t\t\t<\/span>\n\t\t\t\t\t<\/a>\n\t\t\t\t<\/div>\n\t\t\t\t\t\t\t\t<\/div>\n\t\t\t\t<\/div>\n\t\t\t\t<\/div>\n\t\t<div class=\"elementor-element elementor-element-be2cc13 e-flex e-con-boxed e-con e-parent\" data-id=\"be2cc13\" data-element_type=\"container\" data-e-type=\"container\">\n\t\t\t\t\t<div class=\"e-con-inner\">\n\t\t\t\t<div class=\"elementor-element elementor-element-9d0a69e elementor-widget elementor-widget-menu-anchor\" data-id=\"9d0a69e\" data-element_type=\"widget\" data-e-type=\"widget\" data-widget_type=\"menu-anchor.default\">\n\t\t\t\t<div class=\"elementor-widget-container\">\n\t\t\t\t\t\t\t<div class=\"elementor-menu-anchor\" id=\"stay-packages\"><\/div>\n\t\t\t\t\t\t<\/div>\n\t\t\t\t<\/div>\n\t\t\t\t<div class=\"elementor-element elementor-element-3a22f43 elementor-widget elementor-widget-shortcode\" data-id=\"3a22f43\" data-element_type=\"widget\" data-e-type=\"widget\" data-widget_type=\"shortcode.default\">\n\t\t\t\t<div class=\"elementor-widget-container\">\n\t\t\t\t\t\t\t<div class=\"elementor-shortcode\">\n<div class=\"wrap plugin-container\">\n\n\t\n\t\n\t<h3 class=\"vbclistheadt\">No active packages found<\/h3>\n\t\n<\/div>\n<\/div>\n\t\t\t\t\t\t<\/div>\n\t\t\t\t<\/div>\n\t\t\t\t\t<\/div>\n\t\t\t\t<\/div>\n\t\t<div class=\"elementor-element elementor-element-ad47c94 e-con-full e-flex e-con e-parent\" data-id=\"ad47c94\" data-element_type=\"container\" data-e-type=\"container\">\n\t\t\t\t<div data-dce-background-color=\"#006E45\" class=\"elementor-element elementor-element-0945b92 elementor-align-center elementor-hidden-desktop elementor-widget elementor-widget-button\" data-id=\"0945b92\" data-element_type=\"widget\" data-e-type=\"widget\" data-widget_type=\"button.default\">\n\t\t\t\t<div class=\"elementor-widget-container\">\n\t\t\t\t\t\t\t\t\t<div class=\"elementor-button-wrapper\">\n\t\t\t\t\t<a class=\"elementor-button elementor-button-link elementor-size-md\" href=\"https:\/\/www.pensionhelenahones.cz\/en\/stay-packages\/#pobytove-balicky\">\n\t\t\t\t\t\t<span class=\"elementor-button-content-wrapper\">\n\t\t\t\t\t\t\t\t\t<span class=\"elementor-button-text\">Other stay packages<\/span>\n\t\t\t\t\t<\/span>\n\t\t\t\t\t<\/a>\n\t\t\t\t<\/div>\n\t\t\t\t\t\t\t\t<\/div>\n\t\t\t\t<\/div>\n\t\t\t\t<\/div>\n\t\t\t\t<\/div>\n\t\t","protected":false},"excerpt":{"rendered":"<p>Discounted stay packages Autumn dates from 1. 10. 2023 to 20. 12. 2023. Stays for groups Autumn comfort with family or friends... Enjoy an undisturbed stay and the \u0160umava autumn atmosphere with your family or friends. Accommodation in Horsk\u00e1 Kvilda off the main road Pension Helena Honesov\u00e1 is located in a beautiful location in Horsk\u00e1 [&hellip;]<\/p>\n","protected":false},"author":1,"featured_media":6971,"parent":7299,"menu_order":0,"comment_status":"closed","ping_status":"closed","template":"","meta":{"inline_featured_image":false,"footnotes":""},"class_list":["post-7237","page","type-page","status-publish","has-post-thumbnail","hentry"],"_links":{"self":[{"href":"https:\/\/www.pensionhelenahones.cz\/en\/wp-json\/wp\/v2\/pages\/7237","targetHints":{"allow":["GET"]}}],"collection":[{"href":"https:\/\/www.pensionhelenahones.cz\/en\/wp-json\/wp\/v2\/pages"}],"about":[{"href":"https:\/\/www.pensionhelenahones.cz\/en\/wp-json\/wp\/v2\/types\/page"}],"author":[{"embeddable":true,"href":"https:\/\/www.pensionhelenahones.cz\/en\/wp-json\/wp\/v2\/users\/1"}],"replies":[{"embeddable":true,"href":"https:\/\/www.pensionhelenahones.cz\/en\/wp-json\/wp\/v2\/comments?post=7237"}],"version-history":[{"count":0,"href":"https:\/\/www.pensionhelenahones.cz\/en\/wp-json\/wp\/v2\/pages\/7237\/revisions"}],"up":[{"embeddable":true,"href":"https:\/\/www.pensionhelenahones.cz\/en\/wp-json\/wp\/v2\/pages\/7299"}],"wp:featuredmedia":[{"embeddable":true,"href":"https:\/\/www.pensionhelenahones.cz\/en\/wp-json\/wp\/v2\/media\/6971"}],"wp:attachment":[{"href":"https:\/\/www.pensionhelenahones.cz\/en\/wp-json\/wp\/v2\/media?parent=7237"}],"curies":[{"name":"wp","href":"https:\/\/api.w.org\/{rel}","templated":true}]}}