{"id":7299,"date":"2023-07-29T14:31:32","date_gmt":"2023-07-29T12:31:32","guid":{"rendered":"https:\/\/www.pensionhelenahones.cz\/stay-packages\/"},"modified":"2025-05-26T16:12:29","modified_gmt":"2025-05-26T14:12:29","slug":"stay-packages","status":"publish","type":"page","link":"https:\/\/www.pensionhelenahones.cz\/en\/stay-packages\/","title":{"rendered":"Stay packages"},"content":{"rendered":"\t\t<div data-elementor-type=\"wp-page\" data-elementor-id=\"7299\" class=\"elementor elementor-7299 elementor-4194\" data-elementor-post-type=\"page\">\n\t\t\t\t<div data-dce-background-overlay-color=\"#000000\" class=\"elementor-element elementor-element-262fc19 e-con-full e-flex e-con e-parent\" data-id=\"262fc19\" data-element_type=\"container\" data-e-type=\"container\" data-settings=\"{&quot;background_background&quot;:&quot;video&quot;,&quot;background_video_link&quot;:&quot;https:\\\/\\\/www.youtube.com\\\/watch?v=6kCpMqzKHnM&quot;,&quot;background_video_end&quot;:32,&quot;background_play_on_mobile&quot;:&quot;yes&quot;}\">\n\t\t<div class=\"elementor-background-video-container\">\n\t\t\t\t\t\t\t<div class=\"elementor-background-video-embed\" role=\"presentation\"><\/div>\n\t\t\t\t\t\t<\/div><div class=\"elementor-element elementor-element-0d64ede e-flex e-con-boxed e-con e-child\" data-id=\"0d64ede\" data-element_type=\"container\" data-e-type=\"container\">\n\t\t\t\t\t<div class=\"e-con-inner\">\n\t\t\t\t<div class=\"elementor-element elementor-element-cbc219c elementor-widget elementor-widget-heading\" data-id=\"cbc219c\" data-element_type=\"widget\" data-e-type=\"widget\" data-widget_type=\"heading.default\">\n\t\t\t\t<div class=\"elementor-widget-container\">\n\t\t\t\t\t<h1 class=\"elementor-heading-title elementor-size-default\">Weekend stay packages<\/h1>\t\t\t\t<\/div>\n\t\t\t\t<\/div>\n\t\t\t\t<div class=\"elementor-element elementor-element-f39861e elementor-widget elementor-widget-heading\" data-id=\"f39861e\" data-element_type=\"widget\" data-e-type=\"widget\" data-widget_type=\"heading.default\">\n\t\t\t\t<div class=\"elementor-widget-container\">\n\t\t\t\t\t<h2 class=\"elementor-heading-title elementor-size-default\">With breakfast basket and bottle of wine in the room<\/h2>\t\t\t\t<\/div>\n\t\t\t\t<\/div>\n\t\t\t\t\t<\/div>\n\t\t\t\t<\/div>\n\t\t\t\t<\/div>\n\t\t<div data-dce-background-color=\"#F0ECE7\" class=\"elementor-element elementor-element-5e72f40 e-con-full e-flex e-con e-parent\" data-id=\"5e72f40\" data-element_type=\"container\" data-e-type=\"container\" data-settings=\"{&quot;background_background&quot;:&quot;classic&quot;}\">\n\t\t<div class=\"elementor-element elementor-element-1a29115 e-con-full e-flex e-con e-child\" data-id=\"1a29115\" data-element_type=\"container\" data-e-type=\"container\">\n\t\t<div class=\"elementor-element elementor-element-476f613 e-con-full e-flex e-con e-child\" data-id=\"476f613\" data-element_type=\"container\" data-e-type=\"container\">\n\t\t\t\t<div class=\"elementor-element elementor-element-4b84e01 elementor-widget elementor-widget-heading\" data-id=\"4b84e01\" data-element_type=\"widget\" data-e-type=\"widget\" data-widget_type=\"heading.default\">\n\t\t\t\t<div class=\"elementor-widget-container\">\n\t\t\t\t\t<h2 class=\"elementor-heading-title elementor-size-default\">Experience \u0160umava in its highest beauty!<\/h2>\t\t\t\t<\/div>\n\t\t\t\t<\/div>\n\t\t\t\t<div class=\"elementor-element elementor-element-61483a9 elementor-widget__width-initial elementor-widget-tablet__width-initial elementor-widget elementor-widget-text-editor\" data-id=\"61483a9\" data-element_type=\"widget\" data-e-type=\"widget\" data-widget_type=\"text-editor.default\">\n\t\t\t\t<div class=\"elementor-widget-container\">\n\t\t\t\t\t\t\t\t\t<p>Forget about the hectic city life and you will be transported to a picturesque paradise in \u0160umava. Our autumn stay packages allow you to switch off and transport yourself to an oasis of peace...<\/p><p><strong>Book your stay in autumn dates from 1. 10. 2024 to 20. 12. 2024.<\/strong><\/p>\t\t\t\t\t\t\t\t<\/div>\n\t\t\t\t<\/div>\n\t\t\t\t<\/div>\n\t\t<div data-dce-background-image-url=\"https:\/\/www.pensionhelenahones.cz\/wp-content\/uploads\/2023\/08\/podzimni-list.png\" class=\"elementor-element elementor-element-ecc9ced e-con-full e-flex e-con e-child\" data-id=\"ecc9ced\" data-element_type=\"container\" data-e-type=\"container\" data-settings=\"{&quot;background_background&quot;:&quot;classic&quot;}\">\n\t\t\t\t<div class=\"elementor-element elementor-element-c62be45 elementor-widget elementor-widget-shortcode\" data-id=\"c62be45\" data-element_type=\"widget\" data-e-type=\"widget\" data-widget_type=\"shortcode.default\">\n\t\t\t\t<div class=\"elementor-widget-container\">\n\t\t\t\t\t\t\t<div class=\"elementor-shortcode\"><div data-src=\"https:\/\/cdn.trustindex.io\/loader.js?3cdc28f15cc792516976b75a13e\"><\/div><\/div>\n\t\t\t\t\t\t<\/div>\n\t\t\t\t<\/div>\n\t\t\t\t<div class=\"elementor-element elementor-element-5a7c02a elementor-hidden-desktop elementor-hidden-tablet elementor-widget elementor-widget-spacer\" data-id=\"5a7c02a\" data-element_type=\"widget\" data-e-type=\"widget\" data-widget_type=\"spacer.default\">\n\t\t\t\t<div class=\"elementor-widget-container\">\n\t\t\t\t\t\t\t<div class=\"elementor-spacer\">\n\t\t\t<div class=\"elementor-spacer-inner\"><\/div>\n\t\t<\/div>\n\t\t\t\t\t\t<\/div>\n\t\t\t\t<\/div>\n\t\t\t\t<\/div>\n\t\t\t\t<\/div>\n\t\t\t\t<\/div>\n\t\t<div data-dce-background-color=\"#F0ECE7\" class=\"elementor-element elementor-element-4f19d49 e-con-full e-flex e-con e-parent\" data-id=\"4f19d49\" data-element_type=\"container\" data-e-type=\"container\" data-settings=\"{&quot;background_background&quot;:&quot;classic&quot;}\">\n\t\t<div class=\"elementor-element elementor-element-b8cf366 e-con-full e-flex e-con e-child\" data-id=\"b8cf366\" data-element_type=\"container\" data-e-type=\"container\">\n\t\t<div class=\"elementor-element elementor-element-11f2a16 e-con-full e-flex e-con e-child\" data-id=\"11f2a16\" data-element_type=\"container\" data-e-type=\"container\">\n\t\t<div class=\"elementor-element elementor-element-f44202b e-con-full e-flex e-con e-child\" data-id=\"f44202b\" data-element_type=\"container\" data-e-type=\"container\">\n\t\t\t\t<div class=\"elementor-element elementor-element-782a2d3 elementor-position-inline-start elementor-view-default elementor-mobile-position-block-start elementor-widget elementor-widget-icon-box\" data-id=\"782a2d3\" data-element_type=\"widget\" data-e-type=\"widget\" data-widget_type=\"icon-box.default\">\n\t\t\t\t<div class=\"elementor-widget-container\">\n\t\t\t\t\t\t\t<div class=\"elementor-icon-box-wrapper\">\n\n\t\t\t\t\t\t<div class=\"elementor-icon-box-icon\">\n\t\t\t\t<span  class=\"elementor-icon\">\n\t\t\t\t<i aria-hidden=\"true\" class=\"fas fa-tree\"><\/i>\t\t\t\t<\/span>\n\t\t\t<\/div>\n\t\t\t\n\t\t\t\t\t\t<div class=\"elementor-icon-box-content\">\n\n\t\t\t\t\t\t\t\t\t<h3 class=\"elementor-icon-box-title\">\n\t\t\t\t\t\t<span  >\n\t\t\t\t\t\t\tAccommodation in Horsk\u00e1 Kvilda off the main road\t\t\t\t\t\t<\/span>\n\t\t\t\t\t<\/h3>\n\t\t\t\t\n\t\t\t\t\t\t\t\t\t<p class=\"elementor-icon-box-description\">\n\t\t\t\t\t\tPension Helena Honesov\u00e1 is located in a beautiful location in Horsk\u00e1 Kvilda 50 off the main road. Guaranteed peace of mind for your holiday.\t\t\t\t\t<\/p>\n\t\t\t\t\n\t\t\t<\/div>\n\t\t\t\n\t\t<\/div>\n\t\t\t\t\t\t<\/div>\n\t\t\t\t<\/div>\n\t\t\t\t<div class=\"elementor-element elementor-element-f620aa8 elementor-position-inline-start elementor-view-default elementor-mobile-position-block-start elementor-widget elementor-widget-icon-box\" data-id=\"f620aa8\" data-element_type=\"widget\" data-e-type=\"widget\" data-widget_type=\"icon-box.default\">\n\t\t\t\t<div class=\"elementor-widget-container\">\n\t\t\t\t\t\t\t<div class=\"elementor-icon-box-wrapper\">\n\n\t\t\t\t\t\t<div class=\"elementor-icon-box-icon\">\n\t\t\t\t<span  class=\"elementor-icon\">\n\t\t\t\t<i aria-hidden=\"true\" class=\"fas fa-sun\"><\/i>\t\t\t\t<\/span>\n\t\t\t<\/div>\n\t\t\t\n\t\t\t\t\t\t<div class=\"elementor-icon-box-content\">\n\n\t\t\t\t\t\t\t\t\t<h3 class=\"elementor-icon-box-title\">\n\t\t\t\t\t\t<span  >\n\t\t\t\t\t\t\tOutdoor seating and views of the valley\t\t\t\t\t\t<\/span>\n\t\t\t\t\t<\/h3>\n\t\t\t\t\n\t\t\t\t\t\t\t\t\t<p class=\"elementor-icon-box-description\">\n\t\t\t\t\t\tRelax by the fireplace and enjoy an unforgettable view of the valley of the Hamersk\u00fd brook and the Ant\u00fdgl hill.\t\t\t\t\t<\/p>\n\t\t\t\t\n\t\t\t<\/div>\n\t\t\t\n\t\t<\/div>\n\t\t\t\t\t\t<\/div>\n\t\t\t\t<\/div>\n\t\t\t\t<\/div>\n\t\t<div class=\"elementor-element elementor-element-7d230d3 e-con-full e-flex e-con e-child\" data-id=\"7d230d3\" data-element_type=\"container\" data-e-type=\"container\">\n\t\t\t\t<div class=\"elementor-element elementor-element-cdfca7b elementor-widget-mobile__width-initial elementor-widget elementor-widget-jet-carousel\" data-id=\"cdfca7b\" data-element_type=\"widget\" data-e-type=\"widget\" data-settings=\"{&quot;slides_to_show_tablet&quot;:&quot;2&quot;,&quot;slides_to_show_mobile&quot;:&quot;1&quot;,&quot;slides_to_show&quot;:&quot;2&quot;,&quot;slides_to_scroll&quot;:&quot;1&quot;}\" data-widget_type=\"jet-carousel.default\">\n\t\t\t\t<div class=\"elementor-widget-container\">\n\t\t\t\t\t<div class=\"elementor-jet-carousel jet-elements\"><div class=\"jet-carousel-wrap jet-equal-cols\">\n\t<div class=\"jet-carousel\" data-slider_options=\"{&quot;autoplaySpeed&quot;:5000,&quot;autoplay&quot;:true,&quot;infinite&quot;:true,&quot;centerMode&quot;:false,&quot;centerPadding&quot;:&quot;50px&quot;,&quot;pauseOnHover&quot;:true,&quot;speed&quot;:500,&quot;arrows&quot;:true,&quot;dots&quot;:false,&quot;variableWidth&quot;:false,&quot;prevArrow&quot;:&quot;.jet-carousel__prev-arrow-cdfca7b&quot;,&quot;nextArrow&quot;:&quot;.jet-carousel__next-arrow-cdfca7b&quot;,&quot;rtl&quot;:false,&quot;fractionNav&quot;:false}\" dir=\"ltr\">\n\t<div class=\"elementor-slick-slider\">\n<div class=\"jet-carousel__item\">\n\t<div class=\"jet-carousel__item-inner\">\n\t<figure class=\"jet-banner jet-effect-sadie\"><a href=\"https:\/\/www.pensionhelenahones.cz\/wp-content\/uploads\/2023\/09\/Pension-Helena-Honesova.jpg\" class=\"jet-banner__link\" data-elementor-open-lightbox=\"yes\" data-elementor-lightbox-slideshow=\"cdfca7b\"  ><div class=\"jet-banner__overlay\"><\/div><img decoding=\"async\" src=\"https:\/\/www.pensionhelenahones.cz\/wp-content\/uploads\/2023\/09\/Pension-Helena-Honesova.jpg\" class=\"jet-banner__img\" alt=\"Pension Helena Honesov\u00e1\" loading=\"lazy\" title=\"\"><figcaption class=\"jet-banner__content\"><div class=\"jet-banner__content-wrap\"><\/div><\/figcaption><\/a><\/figure>\n\t<\/div>\n<\/div><div class=\"jet-carousel__item\">\n\t<div class=\"jet-carousel__item-inner\">\n\t<figure class=\"jet-banner jet-effect-sadie\"><a href=\"https:\/\/www.pensionhelenahones.cz\/wp-content\/uploads\/2024\/09\/24.jpg\" class=\"jet-banner__link\" data-elementor-open-lightbox=\"yes\" data-elementor-lightbox-slideshow=\"cdfca7b\"  ><div class=\"jet-banner__overlay\"><\/div><img decoding=\"async\" src=\"https:\/\/www.pensionhelenahones.cz\/wp-content\/uploads\/2024\/09\/24.jpg\" class=\"jet-banner__img\" alt=\"24\" loading=\"lazy\" title=\"\"><figcaption class=\"jet-banner__content\"><div class=\"jet-banner__content-wrap\"><\/div><\/figcaption><\/a><\/figure>\n\t<\/div>\n<\/div><div class=\"jet-carousel__item\">\n\t<div class=\"jet-carousel__item-inner\">\n\t<figure class=\"jet-banner jet-effect-sadie\"><a href=\"https:\/\/www.pensionhelenahones.cz\/wp-content\/uploads\/2024\/09\/foto-do-nahledu-balicku-1.jpg\" class=\"jet-banner__link\" data-elementor-open-lightbox=\"yes\" data-elementor-lightbox-slideshow=\"cdfca7b\"  ><div class=\"jet-banner__overlay\"><\/div><img decoding=\"async\" src=\"https:\/\/www.pensionhelenahones.cz\/wp-content\/uploads\/2024\/09\/foto-do-nahledu-balicku-1.jpg\" class=\"jet-banner__img\" alt=\"foto do nahledu balicku (1)\" loading=\"lazy\" title=\"\"><figcaption class=\"jet-banner__content\"><div class=\"jet-banner__content-wrap\"><\/div><\/figcaption><\/a><\/figure>\n\t<\/div>\n<\/div><div class=\"jet-carousel__item\">\n\t<div class=\"jet-carousel__item-inner\">\n\t<figure class=\"jet-banner jet-effect-sadie\"><a href=\"https:\/\/www.pensionhelenahones.cz\/wp-content\/uploads\/2023\/09\/Odpocinte-si-od-velkomesta.jpg\" class=\"jet-banner__link\" data-elementor-open-lightbox=\"yes\" data-elementor-lightbox-slideshow=\"cdfca7b\"  ><div class=\"jet-banner__overlay\"><\/div><img decoding=\"async\" src=\"https:\/\/www.pensionhelenahones.cz\/wp-content\/uploads\/2023\/09\/Odpocinte-si-od-velkomesta.jpg\" class=\"jet-banner__img\" alt=\"Odpo\u010dinte si od velkomesta\" loading=\"lazy\" title=\"\"><figcaption class=\"jet-banner__content\"><div class=\"jet-banner__content-wrap\"><\/div><\/figcaption><\/a><\/figure>\n\t<\/div>\n<\/div><div class=\"jet-carousel__item\">\n\t<div class=\"jet-carousel__item-inner\">\n\t<figure class=\"jet-banner jet-effect-sadie\"><a href=\"https:\/\/www.pensionhelenahones.cz\/wp-content\/uploads\/2023\/09\/relaxujte-u-otevreneho-ohne.jpg\" class=\"jet-banner__link\" data-elementor-open-lightbox=\"yes\" data-elementor-lightbox-slideshow=\"cdfca7b\"  ><div class=\"jet-banner__overlay\"><\/div><img decoding=\"async\" src=\"https:\/\/www.pensionhelenahones.cz\/wp-content\/uploads\/2023\/09\/relaxujte-u-otevreneho-ohne.jpg\" class=\"jet-banner__img\" alt=\"relaxujte u otev\u0159en\u00e9ho ohn\u011b\" loading=\"lazy\" title=\"\"><figcaption class=\"jet-banner__content\"><div class=\"jet-banner__content-wrap\"><\/div><\/figcaption><\/a><\/figure>\n\t<\/div>\n<\/div><div class=\"jet-carousel__item\">\n\t<div class=\"jet-carousel__item-inner\">\n\t<figure class=\"jet-banner jet-effect-sadie\"><a href=\"https:\/\/www.pensionhelenahones.cz\/wp-content\/uploads\/2023\/09\/Ubytovani-s-vyhledem-na-antygl.jpg\" class=\"jet-banner__link\" data-elementor-open-lightbox=\"yes\" data-elementor-lightbox-slideshow=\"cdfca7b\"  ><div class=\"jet-banner__overlay\"><\/div><img decoding=\"async\" src=\"https:\/\/www.pensionhelenahones.cz\/wp-content\/uploads\/2023\/09\/Ubytovani-s-vyhledem-na-antygl.jpg\" class=\"jet-banner__img\" alt=\"Ubytov\u00e1n\u00ed s v\u00fdhledem na ant\u00fdgl\" loading=\"lazy\" title=\"\"><figcaption class=\"jet-banner__content\"><div class=\"jet-banner__content-wrap\"><\/div><\/figcaption><\/a><\/figure>\n\t<\/div>\n<\/div><div class=\"jet-carousel__item\">\n\t<div class=\"jet-carousel__item-inner\">\n\t<figure class=\"jet-banner jet-effect-sadie\"><a href=\"https:\/\/www.pensionhelenahones.cz\/wp-content\/uploads\/2023\/09\/vypujcte-si-vybaveni-na-discgolf.jpg\" class=\"jet-banner__link\" data-elementor-open-lightbox=\"yes\" data-elementor-lightbox-slideshow=\"cdfca7b\"  ><div class=\"jet-banner__overlay\"><\/div><img decoding=\"async\" src=\"https:\/\/www.pensionhelenahones.cz\/wp-content\/uploads\/2023\/09\/vypujcte-si-vybaveni-na-discgolf.jpg\" class=\"jet-banner__img\" alt=\"vypujcte si vybaveni na discgolf\" loading=\"lazy\" title=\"\"><figcaption class=\"jet-banner__content\"><div class=\"jet-banner__content-wrap\"><\/div><\/figcaption><\/a><\/figure>\n\t<\/div>\n<\/div><div class=\"jet-carousel__item\">\n\t<div class=\"jet-carousel__item-inner\">\n\t<figure class=\"jet-banner jet-effect-sadie\"><a href=\"https:\/\/www.pensionhelenahones.cz\/wp-content\/uploads\/2023\/09\/vylety-sumava-podzim.jpg\" class=\"jet-banner__link\" data-elementor-open-lightbox=\"yes\" data-elementor-lightbox-slideshow=\"cdfca7b\"  ><div class=\"jet-banner__overlay\"><\/div><img decoding=\"async\" src=\"https:\/\/www.pensionhelenahones.cz\/wp-content\/uploads\/2023\/09\/vylety-sumava-podzim.jpg\" class=\"jet-banner__img\" alt=\"vylety sumava podzim\" loading=\"lazy\" title=\"\"><figcaption class=\"jet-banner__content\"><div class=\"jet-banner__content-wrap\"><\/div><\/figcaption><\/a><\/figure>\n\t<\/div>\n<\/div><\/div><div class=\"jet-carousel__prev-arrow-cdfca7b jet-arrow prev-arrow\"><i aria-hidden=\"true\" class=\"fas fa-chevron-left\"><\/i><\/div><div class=\"jet-carousel__next-arrow-cdfca7b jet-arrow next-arrow\"><\/div><\/div>\n<\/div>\n<\/div>\t\t\t\t<\/div>\n\t\t\t\t<\/div>\n\t\t\t\t<\/div>\n\t\t\t\t<\/div>\n\t\t\t\t<\/div>\n\t\t\t\t<\/div>\n\t\t<div class=\"elementor-element elementor-element-32f4b84 e-flex e-con-boxed e-con e-parent\" data-id=\"32f4b84\" data-element_type=\"container\" data-e-type=\"container\">\n\t\t\t\t\t<div class=\"e-con-inner\">\n\t\t\t\t\t<\/div>\n\t\t\t\t<\/div>\n\t\t<div class=\"elementor-element elementor-element-969c8b7 e-flex e-con-boxed e-con e-parent\" data-id=\"969c8b7\" data-element_type=\"container\" data-e-type=\"container\">\n\t\t\t\t\t<div class=\"e-con-inner\">\n\t\t\t\t<div class=\"elementor-element elementor-element-6e862da elementor-widget__width-initial elementor-widget-tablet__width-initial elementor-hidden-desktop elementor-hidden-tablet elementor-hidden-mobile elementor-widget elementor-widget-toggle\" data-id=\"6e862da\" data-element_type=\"widget\" data-e-type=\"widget\" data-widget_type=\"toggle.default\">\n\t\t\t\t<div class=\"elementor-widget-container\">\n\t\t\t\t\t\t\t<div class=\"elementor-toggle\">\n\t\t\t\t\t\t\t<div class=\"elementor-toggle-item\">\n\t\t\t\t\t<div id=\"elementor-tab-title-1151\" class=\"elementor-tab-title\" data-tab=\"1\" role=\"button\" aria-controls=\"elementor-tab-content-1151\" aria-expanded=\"false\">\n\t\t\t\t\t\t\t\t\t\t\t\t<span class=\"elementor-toggle-icon elementor-toggle-icon-left\" aria-hidden=\"true\">\n\t\t\t\t\t\t\t\t\t\t\t\t\t\t\t<span class=\"elementor-toggle-icon-closed\"><i class=\"fas fa-angle-down\"><\/i><\/span>\n\t\t\t\t\t\t\t\t<span class=\"elementor-toggle-icon-opened\"><i class=\"elementor-toggle-icon-opened fas fa-angle-up\"><\/i><\/span>\n\t\t\t\t\t\t\t\t\t\t\t\t\t<\/span>\n\t\t\t\t\t\t\t\t\t\t\t\t<a class=\"elementor-toggle-title\" tabindex=\"0\">Filter stay packages<\/a>\n\t\t\t\t\t<\/div>\n\n\t\t\t\t\t<div id=\"elementor-tab-content-1151\" class=\"elementor-tab-content elementor-clearfix\" data-tab=\"1\" role=\"region\" aria-labelledby=\"elementor-tab-title-1151\">\t\t<div data-elementor-type=\"section\" data-elementor-id=\"7443\" class=\"elementor elementor-7443 elementor-4352\" data-elementor-post-type=\"elementor_library\">\n\t\t\t<div class=\"elementor-element elementor-element-8eefc24 e-flex e-con-boxed e-con e-parent\" data-id=\"8eefc24\" data-element_type=\"container\" data-e-type=\"container\">\n\t\t\t\t\t<div class=\"e-con-inner\">\n\t\t\t\t<div class=\"elementor-element elementor-element-aaacacb elementor-icon-list--layout-traditional elementor-list-item-link-full_width elementor-widget elementor-widget-icon-list\" data-id=\"aaacacb\" data-element_type=\"widget\" data-e-type=\"widget\" data-widget_type=\"icon-list.default\">\n\t\t\t\t<div class=\"elementor-widget-container\">\n\t\t\t\t\t\t\t<ul class=\"elementor-icon-list-items\">\n\t\t\t\t\t\t\t<li class=\"elementor-icon-list-item\">\n\t\t\t\t\t\t\t\t\t\t\t<a href=\"https:\/\/www.pensionhelenahones.cz\/pobytove-balicky\/romantika\/#pobytove-balicky\">\n\n\t\t\t\t\t\t\t\t\t\t\t\t<span class=\"elementor-icon-list-icon\">\n\t\t\t\t\t\t\t<i aria-hidden=\"true\" class=\"fas fa-chevron-right\"><\/i>\t\t\t\t\t\t<\/span>\n\t\t\t\t\t\t\t\t\t\t<span class=\"elementor-icon-list-text\">Romantick\u00e9 pobyty pro 2<\/span>\n\t\t\t\t\t\t\t\t\t\t\t<\/a>\n\t\t\t\t\t\t\t\t\t<\/li>\n\t\t\t\t\t\t\t\t<li class=\"elementor-icon-list-item\">\n\t\t\t\t\t\t\t\t\t\t\t<a href=\"https:\/\/www.pensionhelenahones.cz\/pobytove-balicky\/skupiny\/#pobytove-balicky\">\n\n\t\t\t\t\t\t\t\t\t\t\t\t<span class=\"elementor-icon-list-icon\">\n\t\t\t\t\t\t\t<i aria-hidden=\"true\" class=\"fas fa-chevron-right\"><\/i>\t\t\t\t\t\t<\/span>\n\t\t\t\t\t\t\t\t\t\t<span class=\"elementor-icon-list-text\">Pobyty pro skupiny<\/span>\n\t\t\t\t\t\t\t\t\t\t\t<\/a>\n\t\t\t\t\t\t\t\t\t<\/li>\n\t\t\t\t\t\t\t\t<li class=\"elementor-icon-list-item\">\n\t\t\t\t\t\t\t\t\t\t\t<a href=\"https:\/\/www.pensionhelenahones.cz\/pobytove-balicky\/seniori\/#pobytove-balicky\">\n\n\t\t\t\t\t\t\t\t\t\t\t\t<span class=\"elementor-icon-list-icon\">\n\t\t\t\t\t\t\t<i aria-hidden=\"true\" class=\"fas fa-chevron-right\"><\/i>\t\t\t\t\t\t<\/span>\n\t\t\t\t\t\t\t\t\t\t<span class=\"elementor-icon-list-text\">Pobyty pro seniory (60+)<\/span>\n\t\t\t\t\t\t\t\t\t\t\t<\/a>\n\t\t\t\t\t\t\t\t\t<\/li>\n\t\t\t\t\t\t<\/ul>\n\t\t\t\t\t\t<\/div>\n\t\t\t\t<\/div>\n\t\t\t\t\t<\/div>\n\t\t\t\t<\/div>\n\t\t\t\t<\/div>\n\t\t\n<\/div>\n\t\t\t\t<\/div>\n\t\t\t\t\t\t\t\t<\/div>\n\t\t\t\t\t\t<\/div>\n\t\t\t\t<\/div>\n\t\t\t\t<div class=\"elementor-element elementor-element-e5100d1 elementor-widget elementor-widget-menu-anchor\" data-id=\"e5100d1\" data-element_type=\"widget\" data-e-type=\"widget\" data-widget_type=\"menu-anchor.default\">\n\t\t\t\t<div class=\"elementor-widget-container\">\n\t\t\t\t\t\t\t<div class=\"elementor-menu-anchor\" id=\"stay-packages\"><\/div>\n\t\t\t\t\t\t<\/div>\n\t\t\t\t<\/div>\n\t\t\t\t<div class=\"elementor-element elementor-element-a5a330f elementor-widget elementor-widget-shortcode\" data-id=\"a5a330f\" data-element_type=\"widget\" data-e-type=\"widget\" data-widget_type=\"shortcode.default\">\n\t\t\t\t<div class=\"elementor-widget-container\">\n\t\t\t\t\t\t\t<div class=\"elementor-shortcode\">\n<div class=\"wrap plugin-container\">\n\n\t\n\t\n\t<h3 class=\"vbclistheadt\">No active packages found<\/h3>\n\t\n<\/div>\n<\/div>\n\t\t\t\t\t\t<\/div>\n\t\t\t\t<\/div>\n\t\t\t\t\t<\/div>\n\t\t\t\t<\/div>\n\t\t\t\t<\/div>\n\t\t","protected":false},"excerpt":{"rendered":"<p>Weekend stay packages With breakfast basket and bottle of wine in the room Experience \u0160umava in its highest beauty! Forget about the hectic city life and you will be transported to a picturesque paradise in \u0160umava. Our autumn stay packages allow you to switch off and transport yourself to an oasis of peace... Book your [&hellip;]<\/p>\n","protected":false},"author":1,"featured_media":6971,"parent":0,"menu_order":0,"comment_status":"closed","ping_status":"closed","template":"","meta":{"inline_featured_image":false,"footnotes":""},"class_list":["post-7299","page","type-page","status-publish","has-post-thumbnail","hentry"],"_links":{"self":[{"href":"https:\/\/www.pensionhelenahones.cz\/en\/wp-json\/wp\/v2\/pages\/7299","targetHints":{"allow":["GET"]}}],"collection":[{"href":"https:\/\/www.pensionhelenahones.cz\/en\/wp-json\/wp\/v2\/pages"}],"about":[{"href":"https:\/\/www.pensionhelenahones.cz\/en\/wp-json\/wp\/v2\/types\/page"}],"author":[{"embeddable":true,"href":"https:\/\/www.pensionhelenahones.cz\/en\/wp-json\/wp\/v2\/users\/1"}],"replies":[{"embeddable":true,"href":"https:\/\/www.pensionhelenahones.cz\/en\/wp-json\/wp\/v2\/comments?post=7299"}],"version-history":[{"count":0,"href":"https:\/\/www.pensionhelenahones.cz\/en\/wp-json\/wp\/v2\/pages\/7299\/revisions"}],"wp:featuredmedia":[{"embeddable":true,"href":"https:\/\/www.pensionhelenahones.cz\/en\/wp-json\/wp\/v2\/media\/6971"}],"wp:attachment":[{"href":"https:\/\/www.pensionhelenahones.cz\/en\/wp-json\/wp\/v2\/media?parent=7299"}],"curies":[{"name":"wp","href":"https:\/\/api.w.org\/{rel}","templated":true}]}}